{"id":161,"date":"2024-04-01T06:47:29","date_gmt":"2024-04-01T06:47:29","guid":{"rendered":"https:\/\/testerwp.com\/elementor-wp\/lawyer-elementor\/?page_id=161"},"modified":"2025-09-13T19:03:29","modified_gmt":"2025-09-13T19:03:29","slug":"about-us","status":"publish","type":"page","link":"https:\/\/daugiadaiviet.vn\/?page_id=161","title":{"rendered":"V\u1ec1 ch\u00fang t\u00f4i"},"content":{"rendered":"\t\t<div data-elementor-type=\"wp-page\" data-elementor-id=\"161\" class=\"elementor elementor-161\">\n\t\t\t\t\t\t<section class=\"elementor-section elementor-inner-section elementor-element elementor-element-0ad010d elementor-reverse-tablet elementor-reverse-mobile elementor-section-boxed elementor-section-height-default elementor-section-height-default\" data-id=\"0ad010d\" data-element_type=\"section\" data-settings=\"{&quot;background_background&quot;:&quot;classic&quot;}\">\n\t\t\t\t\t\t<div class=\"elementor-container elementor-column-gap-default\">\n\t\t\t\t\t<div class=\"elementor-column elementor-col-50 elementor-inner-column elementor-element elementor-element-311523a\" data-id=\"311523a\" data-element_type=\"column\">\n\t\t\t<div class=\"elementor-widget-wrap elementor-element-populated\">\n\t\t\t\t\t\t<div class=\"elementor-element elementor-element-c5cee3f elementor-widget elementor-widget-elementskit-heading\" data-id=\"c5cee3f\" data-element_type=\"widget\" data-widget_type=\"elementskit-heading.default\">\n\t\t\t\t\t<div class=\"ekit-wid-con\" ><div class=\"ekit-heading elementskit-section-title-wraper text_left   ekit_heading_tablet-   ekit_heading_mobile-\"><h3 class=\"elementskit-section-subtitle  elementskit-style-border\">\n\t\t\t\t\t\tV\u1ec1 \u0110\u1ea1i Vi\u1ec7t\n\t\t\t\t\t<\/h3><h2 class=\"ekit-heading--title elementskit-section-title \">K\u00ednh g\u1eedi: QU\u00dd KH\u00c1CH H\u00c0NG V\u00c0 \u0110\u1ed0I T\u00c1C<\/h2>\t\t\t\t<div class='ekit-heading__description'>\n\t\t\t\t\t<p>C\u00f4ng ty \u0110\u1ea5u gi\u00e1 H\u1ee3p danh \u0110\u1ea1i Vi\u1ec7t xin g\u1eedi t\u1edbi Qu\u00fd kh\u00e1ch h\u00e0ng l\u1eddi ch\u00e0o tr\u00e2n tr\u1ecdng, l\u1eddi ch\u00fac may m\u1eafn, th\u00e0nh c\u00f4ng v\u00e0 m\u1ea1nh kh\u1ecfe.<br \/>C\u00f4ng ty ch\u00fang t\u00f4i \u0111\u01b0\u1ee3c s\u00e1ng l\u1eadp b\u1edfi c\u00e1c \u0111\u1ea5u gi\u00e1 vi\u00ean, c\u00e1c chuy\u00ean gia uy t\u00edn, nhi\u1ec1u n\u0103m kinh nghi\u1ec7m \u0111\u00e3 \u0111\u01b0\u1ee3c c\u1ea5p ch\u1ee9ng ch\u1ec9 h\u00e0nh ngh\u1ec1 \u0111\u1ea5u gi\u00e1 c\u1ee7a B\u1ed9 T\u01b0 ph\u00e1p. L\u00e0 m\u1ed9t doanh nghi\u1ec7p c\u00f3 \u0111\u1ea7y \u0111\u1ee7 \u0111i\u1ec1u ki\u1ec7n ho\u1ea1t \u0111\u1ed9ng trong l\u0129nh v\u1ef1c \u0111\u1ea5u gi\u00e1 t\u00e0i s\u1ea3n theo Gi\u1ea5y \u0111\u0103ng k\u00fd ho\u1ea1t \u0111\u1ed9ng s\u1ed1: 30\/TP- \u0110KHD do S\u1edf T\u01b0 Ph\u00e1p Th\u00e0nh ph\u1ed1 H\u00e0 n\u1ed9i c\u1ea5p l\u1ea7n \u0111\u1ea7u ng\u00e0y 25 th\u00e1ng 10 n\u0103m 2018; c\u1ea5p b\u1ed5 sung thay \u0111\u1ed5i v\u00e0o ng\u00e0y 26 th\u00e1ng 08 n\u0103m 2025.<br \/>L\u00e0 t\u1ed5 ch\u1ee9c \u0111\u1ea5u gi\u00e1 chuy\u00ean nghi\u1ec7p, \u0110\u1ea1i Vi\u1ec7t s\u1eb5n s\u00e0ng cung c\u1ea5p d\u1ecbch v\u1ee5 \u0111\u1ea5u gi\u00e1 cho t\u1ea5t c\u1ea3 c\u00e1c lo\u1ea1i t\u00e0i s\u1ea3n quy \u0111\u1ecbnh t\u1ea1i \u0110i\u1ec1u 4 c\u1ee7a Lu\u1eadt \u0111\u1ea5u gia 2016 \u0111\u01b0\u1ee3c s\u1eeda \u0111\u1ed5i b\u1ed5 sung n\u0103m 2024 nh\u01b0: T\u00e0i s\u1ea3n thi h\u00e0nh \u00e1n theo quy \u0111\u1ecbnh c\u1ee7a ph\u00e1p lu\u1eadt v\u1ec1 thi h\u00e0nh \u00e1n d\u00e2n s\u1ef1, t\u00e0i s\u1ea3n nh\u00e0 n\u01b0\u1edbc theo quy \u0111\u1ecbnh c\u1ee7a ph\u00e1p lu\u1eadt v\u1ec1 qu\u1ea3n l\u00fd, s\u1eed d\u1ee5ng t\u00e0i s\u1ea3n c\u1ee7a nh\u00e0 n\u01b0\u1edbc; T\u00e0i s\u1ea3n \u0111\u01b0\u1ee3c x\u00e1c l\u1eadp quy\u1ec1n s\u1edf h\u1eefu to\u00e0n d\u00e2n theo quy \u0111\u1ecbnh c\u1ee7a ph\u00e1p lu\u1eadt; T\u00e0i s\u1ea3n l\u00e0 quy\u1ec1n s\u1eed d\u1ee5ng \u0111\u1ea5t theo quy \u0111\u1ecbnh c\u1ee7a ph\u00e1t lu\u1eadt v\u1ec1 \u0111\u1ea5t \u0111ai; T\u00e0i s\u1ea3n \u0111\u1ea3m b\u1ea3o theo quy \u0111\u1ecbnh c\u1ee7a ph\u00e1p lu\u1eadt v\u1ec1 giao d\u1ecbch \u0111\u1ea3m b\u1ea3o...<br \/>\u0110\u1ec3 ph\u1ee5c v\u1ee5 t\u1ed1i \u0111a nhu c\u1ea7u c\u1ee7a Qu\u00fd kh\u00e1ch h\u00e0ng, x\u00e2y d\u1ef1ng quy tr\u00ecnh \u0111\u1ea5u gi\u00e1 t\u1ed1t nh\u1ea5t \u0111\u1ed1i v\u1edbi \u0111\u1ed9i ng\u0169 l\u00e3nh \u0111\u1ea1o v\u00e0 chuy\u00ean vi\u00ean c\u00f3 tr\u00ecnh \u0111\u1ed9 cao gi\u00e0u kinh nghi\u1ec7m, n\u0103ng \u0111\u1ed9ng, s\u00e1ng t\u1ea1o g\u1ed3m c\u00e1c \u0111\u1ea5u gia vi\u00ean, th\u1ea9m \u0111\u1ecbnh vi\u00ean, ki\u1ec3m so\u00e1t vi\u00ean, c\u00e1c chuy\u00ean gia v\u1ec1 x\u00e2y d\u1ef1ng, \u0111\u1ea5t \u0111ai, t\u00e0i ch\u00ednh - k\u1ebf to\u00e1n, thu\u1ebf, lu\u1eadt s\u01b0... cung c\u1ea5p d\u1ecbch v\u1ee5 \u0111\u1ea5u gi\u00e1 chuy\u00ean nghi\u1ec7p, nhanh ch\u00f3ng, ti\u1ebft ki\u1ec7m chi ph\u00ed v\u00e0 \u0111\u1ea3m b\u1ea3o tu\u00e2n th\u1ee7 quy \u0111\u1ecbnh c\u1ee7a ph\u00e1p lu\u1eadt v\u1ec1 \u0111\u1ea5u gi\u00e1 t\u00e0i s\u1ea3n.<br \/>Ch\u00fang t\u1ed5i th\u1ea5u hi\u1ec1u v\u00e0 lu\u00f4n n\u1ed7 l\u1ef1c h\u1ebft m\u00ecnh v\u1edbi ph\u01b0\u01a1ng ch\u00e2m l\u00e0m vi\u1ec7c:<br \/>\u201cC\u00d4NG B\u1eb0NG - KH\u00c1CH QUAN - MINH B\u1ea0CH \u2013 HI\u1ec6U QU\u1ea2\u201d<br \/>Th\u00e0nh vi\u00ean h\u1ee3p danh, nh\u00e2n vi\u00ean c\u1ee7a C\u00f4ng ty ch\u00fang t\u00f4i \u0111\u1ec1u l\u00e0 nh\u1eefng ng\u01b0\u1eddi c\u00f3 chuy\u00ean m\u00f4n<br \/>cao, t\u1ed1t nghi\u1ec7p c\u00e1c tr\u01b0\u1eddng \u0111\u1ea1i h\u1ecdc v\u1ec1 Lu\u1eadt, Kinh t\u1ebf, Ng\u00e2n h\u00e0ng, K\u00ea to\u00e1n, n\u1eafm v\u1eefng c\u00e1c nghi\u1ec7p v\u1ee5 v\u1ec1 \u0111\u1ea5u gi\u00e1 t\u00e0i s\u1ea3n.<br \/>V\u1edbi vi\u1ec7c \u0111\u00e1p \u1ee9ng t\u1ea5t c\u1ea3 c\u00e1c ti\u00eau ch\u00ed l\u1ef1a ch\u1ecdn t\u1ed5 ch\u1ee9c \u0111\u1ea5u gi\u00e1 do Qu\u00fd kh\u00e1ch h\u00e0ng y\u00eau c\u1ea7u, C\u00f4ng ty \u0110\u1ea5u gi\u00e1 H\u1ee3p danh \u0110\u1ea1i Vi\u1ec7t r\u1ea5t mong c\u00f3 c\u01a1 h\u1ed9i h\u1ee3p t\u00e1c v\u1edbi Qu\u00fd kh\u00e1ch h\u00e0ng trong vi\u1ec7c t\u1ed5 ch\u1ee9c \u0111\u1ea5u gi\u00e1 t\u00e0i s\u1ea3n n\u00eau tr\u00ean.<br \/>Xin tr\u00e2n tr\u1ecdng c\u1ea3m \u01a1n!<\/p>\n\t\t\t\t<\/div>\n\t\t\t<\/div><\/div>\t\t\t\t<\/div>\n\t\t\t\t\t<\/div>\n\t\t<\/div>\n\t\t\t\t<div class=\"elementor-column elementor-col-50 elementor-inner-column elementor-element elementor-element-f4b5c0d\" data-id=\"f4b5c0d\" data-element_type=\"column\">\n\t\t\t<div class=\"elementor-widget-wrap elementor-element-populated\">\n\t\t\t\t\t\t<div class=\"elementor-element elementor-element-cfd9a0c elementor-widget elementor-widget-image\" data-id=\"cfd9a0c\" data-element_type=\"widget\" data-widget_type=\"image.default\">\n\t\t\t\t\t\t\t\t\t\t\t\t\t\t\t<img fetchpriority=\"high\" decoding=\"async\" width=\"476\" height=\"500\" src=\"https:\/\/daugiadaiviet.vn\/wp-content\/uploads\/2024\/03\/About_img-3.jpeg\" class=\"attachment-full size-full wp-image-22\" alt=\"\" \/>\t\t\t\t\t\t\t\t\t\t\t\t\t\t\t<\/div>\n\t\t\t\t\t<\/div>\n\t\t<\/div>\n\t\t\t\t\t<\/div>\n\t\t<\/section>\n\t\t\t\t<\/div>\n\t\t","protected":false},"excerpt":{"rendered":"<p>V\u1ec1 \u0110\u1ea1i Vi\u1ec7t K\u00ednh g\u1eedi: QU\u00dd KH\u00c1CH H\u00c0NG V\u00c0 \u0110\u1ed0I T\u00c1C C\u00f4ng ty \u0110\u1ea5u gi\u00e1 H\u1ee3p danh \u0110\u1ea1i Vi\u1ec7t xin g\u1eedi t\u1edbi Qu\u00fd kh\u00e1ch h\u00e0ng l\u1eddi ch\u00e0o tr\u00e2n tr\u1ecdng, l\u1eddi ch\u00fac may m\u1eafn, th\u00e0nh c\u00f4ng v\u00e0 m\u1ea1nh kh\u1ecfe.C\u00f4ng ty ch\u00fang t\u00f4i \u0111\u01b0\u1ee3c s\u00e1ng l\u1eadp b\u1edfi c\u00e1c \u0111\u1ea5u gi\u00e1 vi\u00ean, c\u00e1c chuy\u00ean gia uy t\u00edn, nhi\u1ec1u&#8230;<\/p>\n","protected":false},"author":1,"featured_media":0,"parent":0,"menu_order":0,"comment_status":"closed","ping_status":"closed","template":"elementor_header_footer","meta":{"_monsterinsights_skip_tracking":false,"_monsterinsights_sitenote_active":false,"_monsterinsights_sitenote_note":"","_monsterinsights_sitenote_category":0,"footnotes":""},"class_list":["post-161","page","type-page","status-publish","hentry"],"aioseo_notices":[],"_links":{"self":[{"href":"https:\/\/daugiadaiviet.vn\/index.php?rest_route=\/wp\/v2\/pages\/161","targetHints":{"allow":["GET"]}}],"collection":[{"href":"https:\/\/daugiadaiviet.vn\/index.php?rest_route=\/wp\/v2\/pages"}],"about":[{"href":"https:\/\/daugiadaiviet.vn\/index.php?rest_route=\/wp\/v2\/types\/page"}],"author":[{"embeddable":true,"href":"https:\/\/daugiadaiviet.vn\/index.php?rest_route=\/wp\/v2\/users\/1"}],"replies":[{"embeddable":true,"href":"https:\/\/daugiadaiviet.vn\/index.php?rest_route=%2Fwp%2Fv2%2Fcomments&post=161"}],"version-history":[{"count":8,"href":"https:\/\/daugiadaiviet.vn\/index.php?rest_route=\/wp\/v2\/pages\/161\/revisions"}],"predecessor-version":[{"id":288,"href":"https:\/\/daugiadaiviet.vn\/index.php?rest_route=\/wp\/v2\/pages\/161\/revisions\/288"}],"wp:attachment":[{"href":"https:\/\/daugiadaiviet.vn\/index.php?rest_route=%2Fwp%2Fv2%2Fmedia&parent=161"}],"curies":[{"name":"wp","href":"https:\/\/api.w.org\/{rel}","templated":true}]}}